{"id":728,"date":"2022-04-11T14:55:21","date_gmt":"2022-04-11T14:55:21","guid":{"rendered":"https:\/\/gawu.ch\/?page_id=728"},"modified":"2022-05-19T09:18:40","modified_gmt":"2022-05-19T09:18:40","slug":"geschichten","status":"publish","type":"page","link":"https:\/\/gawu.ch\/?page_id=728","title":{"rendered":"Geschichten"},"content":{"rendered":"<div data-colibri-id=\"728-c1\" class=\"style-1160 style-local-728-c1 position-relative\">\n  <!---->\n  <div data-colibri-component=\"section\" data-colibri-id=\"728-c2\" id=\"about\" class=\"h-section h-section-global-spacing d-flex align-items-lg-center align-items-md-center align-items-center style-1161 style-local-728-c2 position-relative\">\n    <!---->\n    <!---->\n    <div class=\"h-section-grid-container h-section-boxed-container\">\n      <!---->\n      <div data-colibri-id=\"728-c3\" class=\"h-row-container gutters-row-lg-0 gutters-row-md-0 gutters-row-0 gutters-row-v-lg-0 gutters-row-v-md-0 gutters-row-v-0 style-1162 style-local-728-c3 position-relative\">\n        <!---->\n        <div class=\"h-row justify-content-lg-center justify-content-md-center justify-content-center align-items-lg-stretch align-items-md-stretch align-items-stretch gutters-col-lg-0 gutters-col-md-0 gutters-col-0 gutters-col-v-lg-0 gutters-col-v-md-0 gutters-col-v-0\">\n          <!---->\n          <div class=\"h-column h-column-container d-flex h-col-lg-auto h-col-md-auto h-col-auto style-1163-outer style-local-728-c4-outer\">\n            <div data-colibri-id=\"728-c4\" class=\"d-flex h-flex-basis h-column__inner h-px-lg-0 h-px-md-0 h-px-0 v-inner-lg-0 v-inner-md-0 v-inner-0 style-1163 style-local-728-c4 position-relative\">\n              <!---->\n              <!---->\n              <div class=\"w-100 h-y-container h-column__content h-column__v-align flex-basis-100 align-self-lg-start align-self-md-start align-self-start\">\n                <!---->\n                <div data-colibri-id=\"728-c5\" class=\"h-global-transition-all h-heading style-1164 style-local-728-c5 position-relative h-element\">\n                  <!---->\n                  <div class=\"h-heading__outer style-1164 style-local-728-c5\">\n                    <!---->\n                    <!---->\n                    <h2 class=\"\">Johannes Seluner<\/h2>\n                  <\/div>\n                <\/div>\n                <div data-colibri-id=\"728-c6\" class=\"h-text h-text-component style-1165 style-local-728-c6 position-relative h-element\">\n                  <!---->\n                  <!---->\n                  <div class=\"\">\n                    <p>Am 9. September 1844 wurde auf der Seluner Alp im Gebiet der Churfirsten im Toggenburg vom Viehhirten Niklas Baumgartner ein fast nackter, \u00abtaubstummer\u00bb Junge gefunden &#8230;.<\/p>\n                    <p>Johannes Seluner lebte bis zu seinem Tod 1898 in unserem Haus, Im Armenhaus in Nesslau.\n                      <br>\n                      <br>\n                    <\/p>\n                  <\/div>\n                <\/div>\n                <div data-colibri-id=\"728-c7\" class=\"h-x-container style-1174 style-local-728-c7 position-relative h-element\">\n                  <!---->\n                  <div class=\"h-x-container-inner style-dynamic-728-c7-group style-1174-spacing style-local-728-c7-spacing\"><span class=\"h-button__outer style-1175-outer style-local-728-c8-outer d-inline-flex h-element\"><a h-use-smooth-scroll=\"true\" href=\"https:\/\/gawu.ch\/wp-content\/uploads\/2022\/04\/GAWU-Johannes-Seluner.pdf\" target=\"_blank\" data-colibri-id=\"728-c8\" class=\"d-flex w-100 align-items-center h-button justify-content-lg-center justify-content-md-center justify-content-center style-1175 style-local-728-c8 position-relative\" rel=\"noopener\"><!----><!----> <span>weiter lesen<\/span><\/a>\n                    <\/span>\n                  <\/div>\n                <\/div>\n              <\/div>\n            <\/div>\n          <\/div>\n          <div class=\"h-column h-column-container d-flex h-col-lg-auto h-col-md-auto h-col-auto style-1166-outer style-local-728-c9-outer\">\n            <div data-colibri-id=\"728-c9\" class=\"d-flex h-flex-basis h-column__inner h-px-lg-2 h-px-md-2 h-px-2 v-inner-lg-2 v-inner-md-2 v-inner-2 style-1166 style-local-728-c9 position-relative\">\n              <!---->\n              <!---->\n              <div class=\"w-100 h-y-container h-column__content h-column__v-align flex-basis-100 align-self-lg-start align-self-md-start align-self-start\">\n                <!---->\n                <div data-colibri-id=\"728-c10\" class=\"d-block style-1167 style-local-728-c10 position-relative h-element\">\n                  <!---->\n                  <div class=\"h-image__frame-container-outer\">\n                    <div class=\"h-image__frame-container\">\n                      <!---->\n                      <!---->\n                      <img loading=\"lazy\" decoding=\"async\" width=\"1339\" height=\"1339\" src=\"https:\/\/gawu.ch\/wp-content\/uploads\/2022\/04\/GAWU-Seluner-Bild.webp\" class=\"wp-image-732 style-1167-image style-local-728-c10-image\" alt=\"\" srcset=\"https:\/\/gawu.ch\/wp-content\/uploads\/2022\/04\/GAWU-Seluner-Bild.webp 1339w, https:\/\/gawu.ch\/wp-content\/uploads\/2022\/04\/GAWU-Seluner-Bild-300x300.webp 300w, https:\/\/gawu.ch\/wp-content\/uploads\/2022\/04\/GAWU-Seluner-Bild-1024x1024.webp 1024w, https:\/\/gawu.ch\/wp-content\/uploads\/2022\/04\/GAWU-Seluner-Bild-150x150.webp 150w, https:\/\/gawu.ch\/wp-content\/uploads\/2022\/04\/GAWU-Seluner-Bild-768x768.webp 768w\" sizes=\"auto, (max-width: 1339px) 100vw, 1339px\" \/>\n                      <div class=\"h-image__frame h-hide-lg h-hide-md h-hide-sm style-1167-frameImage style-local-728-c10-frameImage\"><\/div>\n                    <\/div>\n                  <\/div>\n                <\/div>\n              <\/div>\n            <\/div>\n          <\/div>\n        <\/div>\n      <\/div>\n    <\/div>\n  <\/div>\n  <div data-colibri-component=\"section\" data-colibri-id=\"728-c11\" id=\"about-2\" class=\"h-section h-section-global-spacing d-flex align-items-lg-center align-items-md-center align-items-center style-1176 style-local-728-c11 position-relative\">\n    <!---->\n    <!---->\n    <div class=\"h-section-grid-container h-section-boxed-container\">\n      <!---->\n      <div data-colibri-id=\"728-c12\" class=\"h-row-container gutters-row-lg-0 gutters-row-md-0 gutters-row-0 gutters-row-v-lg-0 gutters-row-v-md-0 gutters-row-v-0 style-1177 style-local-728-c12 position-relative\">\n        <!---->\n        <div class=\"h-row justify-content-lg-center justify-content-md-center justify-content-center align-items-lg-stretch align-items-md-stretch align-items-stretch gutters-col-lg-0 gutters-col-md-0 gutters-col-0 gutters-col-v-lg-0 gutters-col-v-md-0 gutters-col-v-0\">\n          <!---->\n          <div class=\"h-column h-column-container d-flex h-col-lg-auto h-col-md-auto h-col-auto style-1178-outer style-local-728-c13-outer\">\n            <div data-colibri-id=\"728-c13\" class=\"d-flex h-flex-basis h-column__inner h-ui-empty-state-container h-px-lg-0 h-px-md-0 h-px-0 v-inner-lg-0 v-inner-md-0 v-inner-0 style-1178 style-local-728-c13 position-relative\">\n              <!---->\n              <!---->\n              <div class=\"w-100 h-y-container h-column__content h-column__v-align flex-basis-100\">\n                <!---->\n              <\/div>\n            <\/div>\n          <\/div>\n          <div class=\"h-column h-column-container d-flex h-col-lg-auto h-col-md-auto h-col-auto style-1179-outer style-local-728-c14-outer\">\n            <div data-colibri-id=\"728-c14\" class=\"d-flex h-flex-basis h-column__inner h-px-lg-2 h-px-md-2 h-px-2 v-inner-lg-2 v-inner-md-2 v-inner-2 style-1179 style-local-728-c14 position-relative\">\n              <!---->\n              <!---->\n              <div class=\"w-100 h-y-container h-column__content h-column__v-align flex-basis-100 align-self-lg-start align-self-md-start align-self-start\">\n                <!---->\n                <div data-colibri-id=\"728-c15\" class=\"h-global-transition-all h-heading style-1181 style-local-728-c15 position-relative h-element\">\n                  <!---->\n                  <div class=\"h-heading__outer style-1181 style-local-728-c15\">\n                    <!---->\n                    <!---->\n                    <h2 class=\"\">Johannes Seluner in W\u00fcrde bestattet<\/h2>\n                  <\/div>\n                <\/div>\n                <div data-colibri-id=\"728-c16\" class=\"h-text h-text-component style-1182 style-local-728-c16 position-relative h-element\">\n                  <!---->\n                  <!---->\n                  <div class=\"\">\n                    <p> Am 19. November 1926 sind die sterblichen \u00dcberreste des \u00abFindlings\u00bb Johannes Seluner ins Anthropologische Institut der Universit\u00e4t Z\u00fcrich gebracht und dort seitdem in einer arch\u00e4ologischen Fundkiste aufbewahrt worden. Nun findet er\n                      95 Jahre nach seiner Exhumierung, am Donnerstag, 9. September 2021, auf dem Friedhof von Neu St. Johann seine letzte Ruhest\u00e4tte, die Totenruhe wird endlich wiederhergestellt. Johannes Seluner steht f\u00fcr viele, die unbekannt verstorben\n                      sind.<\/p>\n                  <\/div>\n                <\/div>\n                <div data-colibri-id=\"728-c17\" class=\"h-x-container style-1183 style-local-728-c17 position-relative h-element\">\n                  <!---->\n                  <div class=\"h-x-container-inner style-dynamic-728-c17-group style-1183-spacing style-local-728-c17-spacing\"><span class=\"h-button__outer style-1184-outer style-local-728-c18-outer d-inline-flex h-element\"><a h-use-smooth-scroll=\"true\" href=\"https:\/\/gawu.ch\/wp-content\/uploads\/2022\/04\/GAWU-Seluner-in-Wuerde-bestattet.pdf\" target=\"_blank\" data-colibri-id=\"728-c18\" class=\"d-flex w-100 align-items-center h-button justify-content-lg-center justify-content-md-center justify-content-center style-1184 style-local-728-c18 position-relative\" rel=\"noopener\"><!----><!----> <span>weiter lesen<\/span><\/a>\n                    <\/span>\n                  <\/div>\n                <\/div>\n              <\/div>\n            <\/div>\n          <\/div>\n        <\/div>\n      <\/div>\n    <\/div>\n  <\/div>\n<\/div>","protected":false},"excerpt":{"rendered":"<p>Johannes Seluner Am 9. September 1844 wurde auf der Seluner Alp im Gebiet der Churfirsten im Toggenburg vom Viehhirten Niklas Baumgartner ein fast nackter, \u00abtaubstummer\u00bb Junge gefunden &#8230;. Johannes Seluner lebte bis zu seinem Tod 1898 in unserem Haus, Im Armenhaus in Nesslau. weiter lesen Johannes Seluner in W\u00fcrde bestattet Am 19. November 1926 sind [&hellip;]<\/p>\n","protected":false},"author":1,"featured_media":0,"parent":0,"menu_order":0,"comment_status":"closed","ping_status":"closed","template":"page-templates\/homepage.php","meta":{"footnotes":""},"class_list":["post-728","page","type-page","status-publish","hentry"],"jetpack_sharing_enabled":true,"_links":{"self":[{"href":"https:\/\/gawu.ch\/index.php?rest_route=\/wp\/v2\/pages\/728","targetHints":{"allow":["GET"]}}],"collection":[{"href":"https:\/\/gawu.ch\/index.php?rest_route=\/wp\/v2\/pages"}],"about":[{"href":"https:\/\/gawu.ch\/index.php?rest_route=\/wp\/v2\/types\/page"}],"author":[{"embeddable":true,"href":"https:\/\/gawu.ch\/index.php?rest_route=\/wp\/v2\/users\/1"}],"replies":[{"embeddable":true,"href":"https:\/\/gawu.ch\/index.php?rest_route=%2Fwp%2Fv2%2Fcomments&post=728"}],"version-history":[{"count":18,"href":"https:\/\/gawu.ch\/index.php?rest_route=\/wp\/v2\/pages\/728\/revisions"}],"predecessor-version":[{"id":1952,"href":"https:\/\/gawu.ch\/index.php?rest_route=\/wp\/v2\/pages\/728\/revisions\/1952"}],"wp:attachment":[{"href":"https:\/\/gawu.ch\/index.php?rest_route=%2Fwp%2Fv2%2Fmedia&parent=728"}],"curies":[{"name":"wp","href":"https:\/\/api.w.org\/{rel}","templated":true}]}}