{"id":884,"date":"2022-04-18T09:21:58","date_gmt":"2022-04-18T09:21:58","guid":{"rendered":"https:\/\/gawu.ch\/?page_id=884"},"modified":"2025-11-05T21:12:31","modified_gmt":"2025-11-05T20:12:31","slug":"kontakt","status":"publish","type":"page","link":"https:\/\/gawu.ch\/?page_id=884","title":{"rendered":"Kontakt"},"content":{"rendered":"<div data-colibri-id=\"884-c1\" class=\"style-1271 style-local-884-c1 position-relative\">\n  <!---->\n  <div data-colibri-component=\"section\" data-colibri-id=\"884-c2\" id=\"custom\" class=\"h-section h-section-global-spacing d-flex align-items-lg-center align-items-md-center align-items-center style-1272 style-local-884-c2 position-relative\">\n    <!---->\n    <!---->\n    <div class=\"h-section-grid-container h-section-boxed-container\">\n      <!---->\n      <div data-colibri-id=\"884-c3\" class=\"h-row-container gutters-row-lg-2 gutters-row-md-2 gutters-row-0 gutters-row-v-lg-2 gutters-row-v-md-2 gutters-row-v-2 style-1273 style-local-884-c3 position-relative\">\n        <!---->\n        <div class=\"h-row justify-content-lg-center justify-content-md-center justify-content-center align-items-lg-stretch align-items-md-stretch align-items-stretch gutters-col-lg-2 gutters-col-md-2 gutters-col-0 gutters-col-v-lg-2 gutters-col-v-md-2 gutters-col-v-2\">\n          <!---->\n          <div class=\"h-column h-column-container d-flex h-col-lg-auto h-col-md-auto h-col-auto style-1274-outer style-local-884-c4-outer\">\n            <div data-colibri-id=\"884-c4\" class=\"d-flex h-flex-basis h-column__inner h-px-lg-2 h-px-md-2 h-px-2 v-inner-lg-2 v-inner-md-2 v-inner-2 style-1274 style-local-884-c4 position-relative\">\n              <!---->\n              <!---->\n              <div class=\"w-100 h-y-container h-column__content h-column__v-align flex-basis-100 align-self-lg-start align-self-md-start align-self-start\">\n                <!---->\n                <div data-colibri-id=\"884-c5\" class=\"h-text h-text-component style-1277 style-local-884-c5 position-relative h-element\">\n                  <!---->\n                  <!---->\n                  <div class=\"\">\n                    <p>Nehmen Sie mit uns Kontakt auf<\/p>\n                  <\/div>\n                <\/div>\n                <div data-colibri-id=\"884-c6\" class=\"h-text h-text-component style-2838 style-local-884-c6 position-relative h-element\">\n                  <!---->\n                  <!---->\n                  <div class=\"\">\n                    <p>Rufen Sie uns an: 079 400 13 11 (David Zimmermann)\n                      <br>oder\n                      <br>f\u00fcllen Sie das Formular f\u00fcr eine Kontaktaufnahme per E-mail aus<\/p>\n                  <\/div>\n                <\/div>\n                <div data-colibri-id=\"884-c7\" class=\"h-contact-form__outer--forminator style-1276 style-local-884-c7 position-relative h-element\">\n                  <!---->\n                  <div class=\"h-global-transition-all h-global-transition h-global-transition-all h-contact-form-shortcode\"><div class=\"forminator-ui forminator-custom-form forminator-custom-form-887 forminator-design--default  forminator_ajax\" data-forminator-render=\"0\" data-form=\"forminator-module-887\" data-uid=\"69e36d4136a7e\"><br\/><\/div><form\n\t\t\t\tid=\"forminator-module-887\"\n\t\t\t\tclass=\"forminator-ui forminator-custom-form forminator-custom-form-887 forminator-design--default  forminator_ajax\"\n\t\t\t\tmethod=\"post\"\n\t\t\t\tdata-forminator-render=\"0\"\n\t\t\t\tdata-form-id=\"887\"\n\t\t\t\tenctype=\"multipart\/form-data\" data-color-option=\"default\" data-design=\"default\" data-grid=\"open\" style=\"display: none;\"\n\t\t\t\tdata-uid=\"69e36d4136a7e\"\n\t\t\t><div role=\"alert\" aria-live=\"polite\" class=\"forminator-response-message forminator-error\" aria-hidden=\"true\"><\/div><div class=\"forminator-row\"><div id=\"name-1\" class=\"forminator-field-name forminator-col forminator-col-12 \"><div class=\"forminator-field\"><label for=\"forminator-field-name-1_69e36d4136a7e\" id=\"forminator-field-name-1_69e36d4136a7e-label\" class=\"forminator-label\">Name Vorname <span class=\"forminator-required\">*<\/span><\/label><input type=\"text\" name=\"name-1\" value=\"\" placeholder=\"\" id=\"forminator-field-name-1_69e36d4136a7e\" class=\"forminator-input forminator-name--field\" aria-required=\"true\" autocomplete=\"name\" \/><\/div><\/div><\/div><div class=\"forminator-row\"><div id=\"email-1\" class=\"forminator-field-email forminator-col forminator-col-12 \"><div class=\"forminator-field\"><label for=\"forminator-field-email-1_69e36d4136a7e\" id=\"forminator-field-email-1_69e36d4136a7e-label\" class=\"forminator-label\">E-mail <span class=\"forminator-required\">*<\/span><\/label><input type=\"email\" name=\"email-1\" value=\"\" placeholder=\"\" id=\"forminator-field-email-1_69e36d4136a7e\" class=\"forminator-input forminator-email--field\" data-required=\"true\" aria-required=\"true\" autocomplete=\"email\" \/><\/div><\/div><\/div><div class=\"forminator-row\"><div id=\"phone-1\" class=\"forminator-field-phone forminator-col forminator-col-12 \"><div class=\"forminator-field\"><label for=\"forminator-field-phone-1_69e36d4136a7e\" id=\"forminator-field-phone-1_69e36d4136a7e-label\" class=\"forminator-label\">Telefon<\/label><input type=\"text\" name=\"phone-1\" value=\"\" placeholder=\"\" id=\"forminator-field-phone-1_69e36d4136a7e\" class=\"forminator-input forminator-field--phone\" data-required=\"\" aria-required=\"false\" autocomplete=\"off\" \/><\/div><\/div><\/div><div class=\"forminator-row\"><div id=\"textarea-1\" class=\"forminator-field-textarea forminator-col forminator-col-12 \"><div class=\"forminator-field\"><label for=\"forminator-field-textarea-1_69e36d4136a7e\" id=\"forminator-field-textarea-1_69e36d4136a7e-label\" class=\"forminator-label\">Nachricht<\/label><div id=\"wp-forminator-wp-editor-forminator-field-textarea-1_69e36d4136a7e-wrap\" class=\"wp-core-ui wp-editor-wrap html-active\"><link rel='stylesheet' id='dashicons-css' href='https:\/\/gawu.ch\/wp-includes\/css\/dashicons.min.css?ver=6.9.4' type='text\/css' media='all' \/>\n<link rel='stylesheet' id='editor-buttons-css' href='https:\/\/gawu.ch\/wp-includes\/css\/editor.min.css?ver=6.9.4' type='text\/css' media='all' \/>\n<div id=\"wp-forminator-wp-editor-forminator-field-textarea-1_69e36d4136a7e-editor-container\" class=\"wp-editor-container\"><textarea class=\"forminator-textarea do-validate wp-editor-area\" style=\"height: 140px\" cols=\"40\" name=\"textarea-1\" id=\"forminator-wp-editor-forminator-field-textarea-1_69e36d4136a7e\"><\/textarea><\/div>\n<\/div>\n\n<span id=\"forminator-wp-editor-forminator-field-textarea-1_69e36d4136a7e-description\" class=\"forminator-description\"><span data-limit=\"1200\" data-type=\"characters\" data-editor=\"1\">0 \/ 1200<\/span><\/span><\/div><\/div><\/div><div class=\"forminator-row\"><div id=\"checkbox-1\" class=\"forminator-field-checkbox forminator-col forminator-col-12 \"><div role=\"group\" class=\"forminator-field required\" aria-labelledby=\"forminator-checkbox-group-forminator-field-checkbox-1-69e36d4136a7e-label\"><span id=\"forminator-checkbox-group-forminator-field-checkbox-1-69e36d4136a7e-label\" class=\"forminator-label\">Zustimmungserkl\u00e4rung <span class=\"forminator-required\">*<\/span><\/span><label id=\"forminator-field-checkbox-1-1-69e36d4136a7e-label\" for=\"forminator-field-checkbox-1-1-69e36d4136a7e\" class=\"forminator-checkbox\" title=\"Ich best\u00e4tige, dass ich mit der Speicherung und Verwendung meiner Daten gem\u00e4ss Datenschutzvereinbarung einverstanden bin\"><input type=\"checkbox\" name=\"checkbox-1[]\" value=\"Ich-best\u00e4tige,-dass-ich-mit-der-Speicherung-und-Verwendung-meiner-Daten-gem\u00e4ss-Datenschutzvereinbarung-einverstanden-bin\" id=\"forminator-field-checkbox-1-1-69e36d4136a7e\" aria-labelledby=\"forminator-field-checkbox-1-1-69e36d4136a7e-label\" data-calculation=\"0\"  \/><span class=\"forminator-checkbox-box\" aria-hidden=\"true\"><\/span><span class=\"forminator-checkbox-label\">Ich best\u00e4tige, dass ich mit der Speicherung und Verwendung meiner Daten gem\u00e4ss Datenschutzvereinbarung einverstanden bin<\/span><\/label><\/div><\/div><\/div><div class=\"forminator-row\"><div id=\"upload-1\" class=\"forminator-field-upload forminator-col forminator-col-12 \"><div class=\"forminator-field\"><label for=\"forminator-field-upload-1_69e36d4136a7e\" id=\"forminator-field-upload-1_69e36d4136a7e-label\" class=\"forminator-label\">Sie k\u00f6nnen uns gerne auch eine Datei mitschicken. Klicken Sie auf den gr\u00fcnen Knopf und w\u00e4hlen Sie die Datei aus, die Sie uns schicken wollen.<\/label><div class=\"forminator-file-upload \" data-element=\"upload-1_69e36d4136a7e\"><input type=\"file\" name=\"upload-1\" id=\"forminator-field-upload-1_69e36d4136a7e\" class=\"forminator-input-file\" accept=\".jpg,.jpeg,.jpe,.gif,.png,.bmp,.tiff,.tif,.webp,.ico,.heic,.asf,.asx,.wmv,.wmx,.wm,.avi,.divx,.flv,.mov,.qt,.mpeg,.mpg,.mpe,.mp4,.m4v,.ogv,.webm,.mkv,.3gp,.3gpp,.3g2,.3gp2,.txt,.asc,.c,.cc,.h,.srt,.csv,.tsv,.ics,.rtx,.vtt,.mp3,.m4a,.m4b,.aac,.ra,.ram,.wav,.ogg,.oga,.flac,.mid,.midi,.wma,.wax,.mka,.rtf,.pdf,.class,.tar,.zip,.gz,.gzip,.7z,.psd,.xcf,.doc,.pot,.pps,.ppt,.wri,.xla,.xls,.xlt,.xlw,.mdb,.mpp,.docx,.docm,.dotx,.dotm,.xlsx,.xlsm,.xlsb,.xltx,.xltm,.xlam,.pptx,.pptm,.ppsx,.ppsm,.potx,.potm,.ppam,.sldx,.sldm,.onetoc,.onetoc2,.onetmp,.onepkg,.oxps,.xps,.odt,.odp,.ods,.odg,.odc,.odb,.odf,.wp,.wpd,.key,.numbers,.pages\" tabindex=\"-1\"><button id=\"forminator-field-upload-1_69e36d4136a7e_button\" class=\"forminator-button forminator-button-upload\" data-id=\"forminator-field-upload-1_69e36d4136a7e\">Datei ausw\u00e4hlen<\/button><span data-empty-text=\"Keine Datei ausgew\u00e4hlt\">Keine Datei ausgew\u00e4hlt<\/span><button class=\"forminator-button-delete\" style=\"display: none;\"><i class=\"forminator-icon-close\" aria-hidden=\"true\"><\/i><span class=\"forminator-screen-reader-only\">Hochgeladene Datei l\u00f6schen<\/span><\/button><\/div><\/div><\/div><\/div><input type=\"hidden\" name=\"referer_url\" value=\"\" \/><div class=\"forminator-row forminator-row-last\"><div class=\"forminator-col\"><div class=\"forminator-field\"><button class=\"forminator-button forminator-button-submit\">Send Message<\/button><\/div><\/div><\/div><input type=\"hidden\" id=\"forminator_nonce\" name=\"forminator_nonce\" value=\"200bbb824f\" \/><input type=\"hidden\" name=\"_wp_http_referer\" value=\"\/index.php?rest_route=%2Fwp%2Fv2%2Fpages%2F884\" \/><input type=\"hidden\" name=\"form_id\" value=\"887\"><input type=\"hidden\" name=\"page_id\" value=\"884\"><input type=\"hidden\" name=\"form_type\" value=\"default\"><input type=\"hidden\" name=\"current_url\" value=\"https:\/\/gawu.ch\/?page_id=884\"><input type=\"hidden\" name=\"render_id\" value=\"0\"><input type=\"hidden\" name=\"action\" value=\"forminator_submit_form_custom-forms\"><\/form><\/div>\n                <\/div>\n                <div data-colibri-id=\"884-c8\" class=\"h-text h-text-component style-1278 style-local-884-c8 position-relative h-element\">\n                  <!---->\n                  <!---->\n                  <div class=\"\">\n                    <p>Lorem ipsum dolor sit amet, at mei dolore tritani repudiandae. In his nemore temporibus consequuntur, vim ad prima vivendum consetetur. Viderer feugiat at pro, mea aperiam<\/p>\n                  <\/div>\n                <\/div>\n              <\/div>\n            <\/div>\n          <\/div>\n        <\/div>\n      <\/div>\n    <\/div>\n  <\/div>\n<\/div>","protected":false},"excerpt":{"rendered":"<p>Nehmen Sie mit uns Kontakt auf Rufen Sie uns an: 079 400 13 11 (David Zimmermann) oder f\u00fcllen Sie das Formular f\u00fcr eine Kontaktaufnahme per E-mail aus Lorem ipsum dolor sit amet, at mei dolore tritani repudiandae. In his nemore temporibus consequuntur, vim ad prima vivendum consetetur. Viderer feugiat at pro, mea aperiam<\/p>\n","protected":false},"author":1,"featured_media":0,"parent":0,"menu_order":0,"comment_status":"closed","ping_status":"closed","template":"page-templates\/full-width-page.php","meta":{"footnotes":""},"class_list":["post-884","page","type-page","status-publish","hentry"],"jetpack_sharing_enabled":true,"_links":{"self":[{"href":"https:\/\/gawu.ch\/index.php?rest_route=\/wp\/v2\/pages\/884","targetHints":{"allow":["GET"]}}],"collection":[{"href":"https:\/\/gawu.ch\/index.php?rest_route=\/wp\/v2\/pages"}],"about":[{"href":"https:\/\/gawu.ch\/index.php?rest_route=\/wp\/v2\/types\/page"}],"author":[{"embeddable":true,"href":"https:\/\/gawu.ch\/index.php?rest_route=\/wp\/v2\/users\/1"}],"replies":[{"embeddable":true,"href":"https:\/\/gawu.ch\/index.php?rest_route=%2Fwp%2Fv2%2Fcomments&post=884"}],"version-history":[{"count":12,"href":"https:\/\/gawu.ch\/index.php?rest_route=\/wp\/v2\/pages\/884\/revisions"}],"predecessor-version":[{"id":4831,"href":"https:\/\/gawu.ch\/index.php?rest_route=\/wp\/v2\/pages\/884\/revisions\/4831"}],"wp:attachment":[{"href":"https:\/\/gawu.ch\/index.php?rest_route=%2Fwp%2Fv2%2Fmedia&parent=884"}],"curies":[{"name":"wp","href":"https:\/\/api.w.org\/{rel}","templated":true}]}}